{"id":3,"date":"2025-01-15T12:05:52","date_gmt":"2025-01-15T12:05:52","guid":{"rendered":"https:\/\/soluma.eu\/?page_id=3"},"modified":"2025-04-11T08:49:07","modified_gmt":"2025-04-11T08:49:07","slug":"privacy-policy","status":"publish","type":"page","link":"https:\/\/soluma.eu\/sl\/privacy-policy\/","title":{"rendered":"Privacy Policy"},"content":{"rendered":"<style>.elementor-3 .elementor-element.elementor-element-5505112{--display:flex;--flex-direction:column;--container-widget-width:100%;--container-widget-height:initial;--container-widget-flex-grow:0;--container-widget-align-self:initial;--flex-wrap-mobile:wrap;--margin-top:0px;--margin-bottom:0px;--margin-left:0px;--margin-right:0px;--padding-top:40px;--padding-bottom:40px;--padding-left:0px;--padding-right:0px;}.elementor-3 .elementor-element.elementor-element-5505112:not(.elementor-motion-effects-element-type-background), .elementor-3 .elementor-element.elementor-element-5505112 > .elementor-motion-effects-container > .elementor-motion-effects-layer{background-color:transparent;background-image:linear-gradient(180deg, var( --e-global-color-05398d8 ) 100%, var( --e-global-color-45a78a1 ) 70%);}.elementor-3 .elementor-element.elementor-element-807bffa{--display:flex;--flex-direction:row;--container-widget-width:initial;--container-widget-height:100%;--container-widget-flex-grow:1;--container-widget-align-self:stretch;--flex-wrap-mobile:wrap;--justify-content:space-between;--flex-wrap:wrap;}.elementor-3 .elementor-element.elementor-element-cf7fa9a{--display:flex;--padding-top:0px;--padding-bottom:0px;--padding-left:0px;--padding-right:0px;}.elementor-3 .elementor-element.elementor-element-108014b > .elementor-widget-container{margin:-10px 0px -10px 0px;}.elementor-3 .elementor-element.elementor-element-108014b{text-align:left;}.elementor-3 .elementor-element.elementor-element-108014b .elementor-heading-title{font-family:var( --e-global-typography-522adc1-font-family ), Sans-serif;font-size:var( --e-global-typography-522adc1-font-size );font-weight:var( --e-global-typography-522adc1-font-weight );line-height:var( --e-global-typography-522adc1-line-height );letter-spacing:var( --e-global-typography-522adc1-letter-spacing );color:var( --e-global-color-primary );}.elementor-3 .elementor-element.elementor-element-089b288{width:auto;max-width:auto;}.elementor-3 .elementor-element.elementor-element-089b288 .jeg-elementor-kit.jkit-heading{text-align:left;}.elementor-3 .elementor-element.elementor-element-089b288 .jeg-elementor-kit.jkit-heading .heading-title{-webkit-box-decoration-break:clone;box-decoration-break:clone;display:inline;font-family:var( --e-global-typography-4f25412-font-family ), Sans-serif;font-size:var( --e-global-typography-4f25412-font-size );font-weight:var( --e-global-typography-4f25412-font-weight );color:var( --e-global-color-text );}.elementor-3 .elementor-element.elementor-element-089b288 .jeg-elementor-kit.jkit-heading .heading-section-title{margin:0px 0px 0px 0px;}.elementor-3 .elementor-element.elementor-element-089b288 .jeg-elementor-kit.jkit-heading .heading-title > span{color:var( --e-global-color-primary );font-family:var( --e-global-typography-c1e7fcc-font-family ), Sans-serif;font-size:var( --e-global-typography-c1e7fcc-font-size );font-weight:var( --e-global-typography-c1e7fcc-font-weight );}.elementor-3 .elementor-element.elementor-element-69091717{--display:flex;--padding-top:40px;--padding-bottom:150px;--padding-left:0px;--padding-right:0px;}.elementor-3 .elementor-element.elementor-element-7618732c{font-family:var( --e-global-typography-text-font-family ), Sans-serif;font-size:var( --e-global-typography-text-font-size );font-weight:var( --e-global-typography-text-font-weight );text-decoration:var( --e-global-typography-text-text-decoration );color:var( --e-global-color-text );}@media(min-width:768px){.elementor-3 .elementor-element.elementor-element-cf7fa9a{--width:55%;}}@media(max-width:1024px){.elementor-3 .elementor-element.elementor-element-5505112{--margin-top:0px;--margin-bottom:0px;--margin-left:0px;--margin-right:0px;--padding-top:80px;--padding-bottom:0px;--padding-left:10px;--padding-right:10px;}.elementor-3 .elementor-element.elementor-element-108014b{text-align:left;}.elementor-3 .elementor-element.elementor-element-108014b .elementor-heading-title{font-size:var( --e-global-typography-522adc1-font-size );line-height:var( --e-global-typography-522adc1-line-height );letter-spacing:var( --e-global-typography-522adc1-letter-spacing );}.elementor-3 .elementor-element.elementor-element-089b288 .jeg-elementor-kit.jkit-heading .heading-title{font-size:var( --e-global-typography-4f25412-font-size );}.elementor-3 .elementor-element.elementor-element-089b288 .jeg-elementor-kit.jkit-heading .heading-title > span{font-size:var( --e-global-typography-c1e7fcc-font-size );}.elementor-3 .elementor-element.elementor-element-7618732c{font-size:var( --e-global-typography-text-font-size );}}@media(max-width:767px){.elementor-3 .elementor-element.elementor-element-5505112{--margin-top:0px;--margin-bottom:0px;--margin-left:0px;--margin-right:0px;--padding-top:60px;--padding-bottom:0px;--padding-left:10px;--padding-right:10px;}.elementor-3 .elementor-element.elementor-element-108014b > .elementor-widget-container{padding:0px 0px 0px 0px;}.elementor-3 .elementor-element.elementor-element-108014b{text-align:center;}.elementor-3 .elementor-element.elementor-element-108014b .elementor-heading-title{font-size:var( --e-global-typography-522adc1-font-size );line-height:var( --e-global-typography-522adc1-line-height );letter-spacing:var( --e-global-typography-522adc1-letter-spacing );}.elementor-3 .elementor-element.elementor-element-089b288{width:100%;max-width:100%;}.elementor-3 .elementor-element.elementor-element-089b288 .jeg-elementor-kit.jkit-heading{text-align:center;}.elementor-3 .elementor-element.elementor-element-089b288 .jeg-elementor-kit.jkit-heading .heading-title{font-size:var( --e-global-typography-4f25412-font-size );}.elementor-3 .elementor-element.elementor-element-089b288 .jeg-elementor-kit.jkit-heading .heading-title > span{font-size:var( --e-global-typography-c1e7fcc-font-size );}.elementor-3 .elementor-element.elementor-element-7618732c{font-size:var( --e-global-typography-text-font-size );}}<\/style>\t\t<div data-elementor-type=\"wp-page\" data-elementor-id=\"3\" class=\"elementor elementor-3\" data-elementor-post-type=\"page\">\n\t\t\t\t<div class=\"elementor-element elementor-element-5505112 e-flex e-con-boxed e-con e-parent\" data-id=\"5505112\" data-element_type=\"container\" data-settings=\"{&quot;background_background&quot;:&quot;gradient&quot;}\">\n\t\t\t\t\t<div class=\"e-con-inner\">\n\t\t<div class=\"elementor-element elementor-element-807bffa e-con-full e-flex e-con e-child\" data-id=\"807bffa\" data-element_type=\"container\">\n\t\t<div class=\"elementor-element elementor-element-cf7fa9a e-con-full e-flex e-con e-child\" data-id=\"cf7fa9a\" data-element_type=\"container\">\n\t\t\t\t<div class=\"elementor-element elementor-element-108014b elementor-widget elementor-widget-heading\" data-id=\"108014b\" data-element_type=\"widget\" data-widget_type=\"heading.default\">\n\t\t\t\t<div class=\"elementor-widget-container\">\n\t\t\t\t\t<h2 class=\"elementor-heading-title elementor-size-default\">Soluma d.o.o.<br> Politika zasebnosti www.soluma.eu<\/h2>\t\t\t\t<\/div>\n\t\t\t\t<\/div>\n\t\t\t\t<div class=\"elementor-element elementor-element-089b288 elementor-widget__width-auto elementor-widget-mobile__width-inherit elementor-widget elementor-widget-jkit_heading\" data-id=\"089b288\" data-element_type=\"widget\" data-widget_type=\"jkit_heading.default\">\n\t\t\t\t<div class=\"elementor-widget-container\">\n\t\t\t\t\t<div  class=\"jeg-elementor-kit jkit-heading  align- align-tablet- align-mobile-center jeg_module___6a0903229b79a\" ><div class=\"heading-section-title  display-inline\"><h2 class=\"heading-title\">Datum za\u010detka veljavnosti: <span class=\"style-color\"><span>3. Oktoberfest 2018<\/span><\/span><\/h2><\/div><\/div>\t\t\t\t<\/div>\n\t\t\t\t<\/div>\n\t\t\t\t<\/div>\n\t\t\t\t<\/div>\n\t\t\t\t\t<\/div>\n\t\t\t\t<\/div>\n\t\t<div class=\"elementor-element elementor-element-69091717 e-flex e-con-boxed e-con e-parent\" data-id=\"69091717\" data-element_type=\"container\">\n\t\t\t\t\t<div class=\"e-con-inner\">\n\t\t\t\t<div class=\"elementor-element elementor-element-7618732c elementor-widget elementor-widget-text-editor\" data-id=\"7618732c\" data-element_type=\"widget\" data-widget_type=\"text-editor.default\">\n\t\t\t\t<div class=\"elementor-widget-container\">\n\t\t\t\t\t\t\t\t\t\n<p>Dru\u017eba Soluma d.o.o. (\u201emi\u201c, \u201enas\u201c ali \u201ana\u0161e\u2018) upravlja spletno mesto www.soluma.eu (\u201estoritev\u201c).<\/p>\n<p>Na tej strani vas obve\u0161\u010damo o na\u0161ih pravilih glede zbiranja, uporabe in razkrivanja osebnih podatkov, ko uporabljate na\u0161o storitev, ter o mo\u017enostih, ki jih imate v zvezi s temi podatki. Na\u0161a politika zasebnosti za dru\u017ebo Soluma d.o.o. je upravljana prek politike brezpla\u010dne zasebnosti.<\/p>\n<p>Va\u0161e podatke uporabljamo za zagotavljanje in izbolj\u0161evanje storitve. Z uporabo storitve se strinjate z zbiranjem in uporabo podatkov v skladu s tem pravilnikom. \u010ce v tem pravilniku o zasebnosti ni druga\u010de opredeljeno, imajo izrazi, uporabljeni v tem pravilniku o zasebnosti, enak pomen kot v na\u0161ih splo\u0161nih pogojih, ki so dostopni na spletni strani www.soluma.eu<\/p>\n<p>\u00a0<\/p>\n<h2 class=\"wp-block-heading\">Zbiranje in uporaba informacij<\/h2>\n<p>Za zagotavljanje in izbolj\u0161anje na\u0161e storitve za vas zbiramo ve\u010d razli\u010dnih vrst informacij za razli\u010dne namene.<\/p>\n<h3>Vrste zbranih podatkov<\/h3>\n<h4>Osebni podatki<\/h4>\n<p>Med uporabo na\u0161e storitve vas lahko prosimo, da nam posredujete dolo\u010dene osebne podatke, ki jih je mogo\u010de uporabiti za vzpostavitev stika z vami ali va\u0161o identifikacijo (\u201eosebni podatki\u201c). Osebni podatki lahko med drugim vklju\u010dujejo:<\/p>\n<ul>\n<li>e-po\u0161tni naslov<\/li>\n<li>Ime in priimek<\/li>\n<li>Pi\u0161kotki in podatki o uporabi<\/li>\n<\/ul>\n<h4>Podatki o uporabi<\/h4>\n<p>Zbiramo lahko tudi informacije o tem, kako dostopate do storitve in jo uporabljate (\u201epodatki o uporabi\u201c). Ti podatki o uporabi lahko vklju\u010dujejo informacije, kot so naslov internetnega protokola va\u0161ega ra\u010dunalnika (npr. naslov IP), vrsta brskalnika, razli\u010dica brskalnika, strani na\u0161e storitve, ki jih obi\u0161\u010dete, \u010das in datum va\u0161ega obiska, \u010das, porabljen na teh straneh, edinstveni identifikatorji naprave in drugi diagnosti\u010dni podatki.<\/p>\n<h4>Sledenje in pi\u0161kotki Podatki<\/h4>\n<p>Za spremljanje dejavnosti v na\u0161i storitvi in shranjevanje dolo\u010denih informacij uporabljamo pi\u0161kotke in podobne tehnologije sledenja.<\/p>\n<p>Pi\u0161kotki so datoteke z majhno koli\u010dino podatkov, ki lahko vklju\u010dujejo anonimni edinstveni identifikator. Pi\u0161kotki se s spletnega mesta po\u0161ljejo v va\u0161 brskalnik in shranijo v va\u0161i napravi. Tehnologije sledenja se uporabljajo tudi svetilniki, oznake in skripte za zbiranje in sledenje informacij ter za izbolj\u0161anje in analizo na\u0161e storitve.<\/p>\n<p>Brskalniku lahko naro\u010dite, naj zavrne vse pi\u0161kotke ali naj sporo\u010di, kdaj se pi\u0161kotek po\u0161ilja. \u010ce pi\u0161kotkov ne sprejmete, morda ne boste mogli uporabljati nekaterih delov na\u0161e storitve.<\/p>\n<p>Primeri pi\u0161kotkov, ki jih uporabljamo:<\/p>\n<ul>\n<li><em>Sejni pi\u0161kotki.\u00a0<\/em>Sejne pi\u0161kotke uporabljamo za delovanje na\u0161e storitve.<\/li>\n<li><em>Pi\u0161kotki za nastavitve.<\/em>\u00a0Pi\u0161kotke za nastavitve uporabljamo, da si zapomnimo va\u0161e nastavitve in razli\u010dne nastavitve.<\/li>\n<li><em>Varnostni pi\u0161kotki.<\/em>\u00a0Varnostne pi\u0161kotke uporabljamo v varnostne namene.<\/li>\n<\/ul>\n<h2>\u00a0<\/h2>\n<h2>Uporaba podatkov<\/h2>\n<p>Soluma d.o.o. uporablja zbrane podatke za razli\u010dne namene:<\/p>\n<ul>\n<li>Za zagotavljanje in vzdr\u017eevanje storitve<\/li>\n<li>Za obve\u0161\u010danje o spremembah na\u0161e storitve<\/li>\n<li>Da vam omogo\u010dimo sodelovanje v interaktivnih funkcijah na\u0161e storitve, kadar se za to odlo\u010dite<\/li>\n<li>Za zagotavljanje storitev za stranke in podpore<\/li>\n<li>Za zagotavljanje analiz ali dragocenih informacij, da lahko izbolj\u0161amo storitev<\/li>\n<li>Za spremljanje uporabe storitve<\/li>\n<li>Za odkrivanje, prepre\u010devanje in re\u0161evanje tehni\u010dnih te\u017eav<\/li>\n<\/ul>\n<h2>\u00a0<\/h2>\n<h2>Prenos podatkov<\/h2>\n<p>Va\u0161i podatki, vklju\u010dno z osebnimi podatki, se lahko prenesejo - in hranijo na - ra\u010dunalnikih zunaj va\u0161e dr\u017eave, province, dr\u017eave ali druge dr\u017eavne pristojnosti, kjer se lahko zakoni o varstvu podatkov razlikujejo od tistih v va\u0161i pristojnosti.<\/p>\n<p>\u010ce se nahajate zunaj Slovenije in se odlo\u010dite, da nam posredujete podatke, upo\u0161tevajte, da podatke, vklju\u010dno z osebnimi podatki, prenesemo v Slovenijo in jih tam obdelujemo.<\/p>\n<p>Va\u0161e strinjanje s tem pravilnikom o zasebnosti, ki mu sledi predlo\u017eitev tak\u0161nih podatkov, pomeni va\u0161e soglasje s tem prenosom.<\/p>\n<p>Dru\u017eba Soluma d.o.o. bo sprejela vse potrebne ukrepe, da zagotovi varno obdelavo va\u0161ih podatkov v skladu s tem pravilnikom o zasebnosti, in noben prenos va\u0161ih osebnih podatkov ne bo izveden v organizacijo ali dr\u017eavo, \u010de ne bo vzpostavljen ustrezen nadzor, vklju\u010dno z varnostjo va\u0161ih podatkov in drugih osebnih informacij.<\/p>\n<h2>\u00a0<\/h2>\n<h2>Razkritje podatkov<\/h2>\n<h3>Zakonske zahteve<\/h3>\n<p>Soluma d.o.o. lahko razkrije va\u0161e osebne podatke v dobri veri, da je tak\u0161no dejanje potrebno za:<\/p>\n<ul>\n<li>Za izpolnitev zakonske obveznosti<\/li>\n<li>Za za\u0161\u010dito in obrambo pravic ali premo\u017eenja dru\u017ebe Soluma d.o.o.<\/li>\n<li>Za prepre\u010devanje ali preiskovanje morebitnih nepravilnosti v zvezi s storitvijo<\/li>\n<li>Za za\u0161\u010dito osebne varnosti uporabnikov storitve ali javnosti<\/li>\n<li>Za za\u0161\u010dito pred pravno odgovornostjo<\/li>\n<\/ul>\n<h2>\u00a0<\/h2>\n<h2>Varnost podatkov<\/h2>\n<p>Varnost va\u0161ih podatkov nam je pomembna, vendar ne pozabite, da noben na\u010din prenosa prek interneta ali na\u010din elektronskega shranjevanja ni 100 % varen. \u010ceprav si prizadevamo uporabljati komercialno sprejemljiva sredstva za za\u0161\u010dito va\u0161ih osebnih podatkov, ne moremo zagotoviti njihove popolne varnosti.<\/p>\n<h2>\u00a0<\/h2>\n<h2>Ponudniki storitev<\/h2>\n<p>Za omogo\u010danje na\u0161e storitve lahko zaposlimo podjetja in posameznike tretjih oseb (\u201eponudniki storitev\u201c), ki v na\u0161em imenu zagotavljajo storitev, izvajajo storitve, povezane s storitvijo, ali nam pomagajo pri analizi uporabe na\u0161e storitve.<\/p>\n<p>Te tretje osebe imajo dostop do va\u0161ih osebnih podatkov samo za opravljanje teh nalog v na\u0161em imenu in jih niso dol\u017ene razkriti ali uporabiti za noben drug namen.<\/p>\n<h3>Analitika<\/h3>\n<p>Za spremljanje in analizo uporabe na\u0161e storitve lahko uporabljamo ponudnike storitev, ki so tretje osebe.<\/p>\n<ul>\n<li><strong>Google Analytics<\/strong>Google Analytics je storitev spletne analitike, ki jo ponuja Google in omogo\u010da spremljanje prometa na spletnem mestu ter poro\u010danje o njem. Google zbrane podatke uporablja za sledenje in spremljanje uporabe na\u0161e storitve. Ti podatki se delijo z drugimi Googlovimi storitvami. Google lahko zbrane podatke uporabi za kontekstualizacijo in personalizacijo oglasov svojega ogla\u0161evalskega omre\u017eja.Svoje dejavnosti v storitvi lahko odjavite tako, da namestite dodatek za brskalnik za odjavo od storitve Google Analytics. Dodatek prepre\u010duje, da bi Googlov JavaScript za Google Analytics (ga.js, analytics.js in dc.js) delil informacije o dejavnosti obiskov z Google Analytics.Za ve\u010d informacij o Googlovih praksah zasebnosti obi\u0161\u010dite spletno stran Google Privacy &amp; Terms:\u00a0<a href=\"https:\/\/policies.google.com\/privacy?hl=en\">https:\/\/policies.google.com\/privacy?hl=en<\/a><\/li>\n<\/ul>\n<h2>\u00a0<\/h2>\n<h2>Povezave do drugih spletnih mest<\/h2>\n<p>Na\u0161a storitev lahko vsebuje povezave do drugih spletnih mest, ki jih ne upravljamo mi. \u010ce kliknete na povezavo tretje osebe, boste preusmerjeni na spletno mesto te tretje osebe. Svetujemo vam, da pregledate pravilnik o zasebnosti vsakega spletnega mesta, ki ga obi\u0161\u010dete.<\/p>\n<p>Nimamo nadzora in ne prevzemamo odgovornosti za vsebino, politiko zasebnosti ali ravnanja spletnih mest ali storitev tretjih oseb.<\/p>\n<h2>\u00a0<\/h2>\n<h2>Zasebnost otrok<\/h2>\n<p>Na\u0161a storitev ne obravnava oseb, mlaj\u0161ih od 18 let (\u201eotroci\u201c).<\/p>\n<p>Od oseb, mlaj\u0161ih od 18 let, zavestno ne zbiramo osebnih podatkov. \u010ce ste star\u0161 ali skrbnik in se zavedate, da so nam va\u0161i otroci posredovali osebne podatke, se obrnite na nas. \u010ce ugotovimo, da smo osebne podatke otrok zbirali brez preverjanja soglasja star\u0161ev, sprejmemo ukrepe za odstranitev teh podatkov iz na\u0161ih stre\u017enikov.<\/p>\n<h2>\u00a0<\/h2>\n<h2>Spremembe tega pravilnika o zasebnosti<\/h2>\n<p>Na\u0161 pravilnik o zasebnosti lahko ob\u010dasno posodobimo. O vseh spremembah vas bomo obvestili z objavo novega pravilnika o zasebnosti na tej strani.<\/p>\n<p>Preden sprememba za\u010dne veljati, vas bomo o tem obvestili po e-po\u0161ti in\/ali z vidnim obvestilom v na\u0161i storitvi ter posodobili \u201edatum za\u010detka veljavnosti\u201c na vrhu tega pravilnika o zasebnosti.<\/p>\n<p>Svetujemo vam, da redno pregledujete ta Pravilnik o zasebnosti in preverjate morebitne spremembe. Spremembe tega pravilnika o zasebnosti za\u010dnejo veljati, ko so objavljene na tej strani.<\/p>\n<h2>\u00a0<\/h2>\n<h2>Kontakiratje nas<\/h2>\n<p>\u010ce imate kakr\u0161na koli vpra\u0161anja o tem pravilniku o zasebnosti, se obrnite na nas:<\/p>\n<ul>\n<li>Po e-po\u0161ti: info@soluma.eu<\/li>\n<\/ul>\t\t\t\t\t\t\t\t<\/div>\n\t\t\t\t<\/div>\n\t\t\t\t\t<\/div>\n\t\t\t\t<\/div>\n\t\t\t\t<\/div>","protected":false},"excerpt":{"rendered":"<p>Soluma d.o.o. Privacy Policy of www.soluma.eu Effective date: October 03, 2018 Soluma d.o.o. (\u201cus\u201d, \u201cwe\u201d, or \u201cour\u201d) operates the www.soluma.eu website (the \u201cService\u201d). This page informs you of our policies regarding the collection, use, and disclosure of personal data when you use our Service and the choices you have associated with that data. Our Privacy [&hellip;]<\/p>","protected":false},"author":1,"featured_media":0,"parent":0,"menu_order":0,"comment_status":"closed","ping_status":"open","template":"elementor_header_footer","meta":{"om_disable_all_campaigns":false,"inline_featured_image":false,"_monsterinsights_skip_tracking":false,"_monsterinsights_sitenote_active":false,"_monsterinsights_sitenote_note":"","_monsterinsights_sitenote_category":0,"_uf_show_specific_survey":0,"_uf_disable_surveys":false,"footnotes":""},"class_list":["post-3","page","type-page","status-publish","hentry"],"yoast_head":"<!-- This site is optimized with the Yoast SEO plugin v26.3 - https:\/\/yoast.com\/wordpress\/plugins\/seo\/ -->\n<title>Privacy Policy - Soluma<\/title>\n<meta name=\"robots\" content=\"index, follow, max-snippet:-1, max-image-preview:large, max-video-preview:-1\" \/>\n<link rel=\"canonical\" href=\"https:\/\/soluma.eu\/sl\/privacy-policy\/\" \/>\n<meta property=\"og:locale\" content=\"sl_SI\" \/>\n<meta property=\"og:type\" content=\"article\" \/>\n<meta property=\"og:title\" content=\"Privacy Policy - Soluma\" \/>\n<meta property=\"og:description\" content=\"Soluma d.o.o. Privacy Policy of www.soluma.eu Effective date: October 03, 2018 Soluma d.o.o. (\u201cus\u201d, \u201cwe\u201d, or \u201cour\u201d) operates the www.soluma.eu website (the \u201cService\u201d). This page informs you of our policies regarding the collection, use, and disclosure of personal data when you use our Service and the choices you have associated with that data. Our Privacy [&hellip;]\" \/>\n<meta property=\"og:url\" content=\"https:\/\/soluma.eu\/sl\/privacy-policy\/\" \/>\n<meta property=\"og:site_name\" content=\"Soluma\" \/>\n<meta property=\"article:modified_time\" content=\"2025-04-11T08:49:07+00:00\" \/>\n<meta name=\"twitter:card\" content=\"summary_large_image\" \/>\n<meta name=\"twitter:label1\" content=\"Est. reading time\" \/>\n\t<meta name=\"twitter:data1\" content=\"6 minut\" \/>\n<script type=\"application\/ld+json\" class=\"yoast-schema-graph\">{\"@context\":\"https:\/\/schema.org\",\"@graph\":[{\"@type\":\"WebPage\",\"@id\":\"https:\/\/soluma.eu\/privacy-policy\/\",\"url\":\"https:\/\/soluma.eu\/privacy-policy\/\",\"name\":\"Privacy Policy - Soluma\",\"isPartOf\":{\"@id\":\"https:\/\/soluma.eu\/#website\"},\"datePublished\":\"2025-01-15T12:05:52+00:00\",\"dateModified\":\"2025-04-11T08:49:07+00:00\",\"breadcrumb\":{\"@id\":\"https:\/\/soluma.eu\/privacy-policy\/#breadcrumb\"},\"inLanguage\":\"sl-SI\",\"potentialAction\":[{\"@type\":\"ReadAction\",\"target\":[\"https:\/\/soluma.eu\/privacy-policy\/\"]}]},{\"@type\":\"BreadcrumbList\",\"@id\":\"https:\/\/soluma.eu\/privacy-policy\/#breadcrumb\",\"itemListElement\":[{\"@type\":\"ListItem\",\"position\":1,\"name\":\"Home\",\"item\":\"https:\/\/soluma.eu\/\"},{\"@type\":\"ListItem\",\"position\":2,\"name\":\"Privacy Policy\"}]},{\"@type\":\"WebSite\",\"@id\":\"https:\/\/soluma.eu\/#website\",\"url\":\"https:\/\/soluma.eu\/\",\"name\":\"Soluma\",\"description\":\"\",\"publisher\":{\"@id\":\"https:\/\/soluma.eu\/#organization\"},\"potentialAction\":[{\"@type\":\"SearchAction\",\"target\":{\"@type\":\"EntryPoint\",\"urlTemplate\":\"https:\/\/soluma.eu\/?s={search_term_string}\"},\"query-input\":{\"@type\":\"PropertyValueSpecification\",\"valueRequired\":true,\"valueName\":\"search_term_string\"}}],\"inLanguage\":\"sl-SI\"},{\"@type\":\"Organization\",\"@id\":\"https:\/\/soluma.eu\/#organization\",\"name\":\"Soluma\",\"alternateName\":\"Soluma\",\"url\":\"https:\/\/soluma.eu\/\",\"logo\":{\"@type\":\"ImageObject\",\"inLanguage\":\"sl-SI\",\"@id\":\"https:\/\/soluma.eu\/#\/schema\/logo\/image\/\",\"url\":\"https:\/\/soluma.eu\/wp-content\/uploads\/2025\/01\/Favicon-01.png\",\"contentUrl\":\"https:\/\/soluma.eu\/wp-content\/uploads\/2025\/01\/Favicon-01.png\",\"width\":1067,\"height\":1067,\"caption\":\"Soluma\"},\"image\":{\"@id\":\"https:\/\/soluma.eu\/#\/schema\/logo\/image\/\"}}]}<\/script>\n<!-- \/ Yoast SEO plugin. -->","yoast_head_json":{"title":"Zasebnost - Soluma","robots":{"index":"index","follow":"follow","max-snippet":"max-snippet:-1","max-image-preview":"max-image-preview:large","max-video-preview":"max-video-preview:-1"},"canonical":"https:\/\/soluma.eu\/sl\/privacy-policy\/","og_locale":"sl_SI","og_type":"article","og_title":"Privacy Policy - Soluma","og_description":"Soluma d.o.o. Privacy Policy of www.soluma.eu Effective date: October 03, 2018 Soluma d.o.o. (\u201cus\u201d, \u201cwe\u201d, or \u201cour\u201d) operates the www.soluma.eu website (the \u201cService\u201d). This page informs you of our policies regarding the collection, use, and disclosure of personal data when you use our Service and the choices you have associated with that data. Our Privacy [&hellip;]","og_url":"https:\/\/soluma.eu\/sl\/privacy-policy\/","og_site_name":"Soluma","article_modified_time":"2025-04-11T08:49:07+00:00","twitter_card":"summary_large_image","twitter_misc":{"Est. reading time":"6 minut"},"schema":{"@context":"https:\/\/schema.org","@graph":[{"@type":"WebPage","@id":"https:\/\/soluma.eu\/privacy-policy\/","url":"https:\/\/soluma.eu\/privacy-policy\/","name":"Zasebnost - Soluma","isPartOf":{"@id":"https:\/\/soluma.eu\/#website"},"datePublished":"2025-01-15T12:05:52+00:00","dateModified":"2025-04-11T08:49:07+00:00","breadcrumb":{"@id":"https:\/\/soluma.eu\/privacy-policy\/#breadcrumb"},"inLanguage":"sl-SI","potentialAction":[{"@type":"ReadAction","target":["https:\/\/soluma.eu\/privacy-policy\/"]}]},{"@type":"BreadcrumbList","@id":"https:\/\/soluma.eu\/privacy-policy\/#breadcrumb","itemListElement":[{"@type":"ListItem","position":1,"name":"Home","item":"https:\/\/soluma.eu\/"},{"@type":"ListItem","position":2,"name":"Privacy Policy"}]},{"@type":"WebSite","@id":"https:\/\/soluma.eu\/#website","url":"https:\/\/soluma.eu\/","name":"Soluma","description":"","publisher":{"@id":"https:\/\/soluma.eu\/#organization"},"potentialAction":[{"@type":"SearchAction","target":{"@type":"EntryPoint","urlTemplate":"https:\/\/soluma.eu\/?s={search_term_string}"},"query-input":{"@type":"PropertyValueSpecification","valueRequired":true,"valueName":"search_term_string"}}],"inLanguage":"sl-SI"},{"@type":"Organization","@id":"https:\/\/soluma.eu\/#organization","name":"Soluma","alternateName":"Soluma","url":"https:\/\/soluma.eu\/","logo":{"@type":"ImageObject","inLanguage":"sl-SI","@id":"https:\/\/soluma.eu\/#\/schema\/logo\/image\/","url":"https:\/\/soluma.eu\/wp-content\/uploads\/2025\/01\/Favicon-01.png","contentUrl":"https:\/\/soluma.eu\/wp-content\/uploads\/2025\/01\/Favicon-01.png","width":1067,"height":1067,"caption":"Soluma"},"image":{"@id":"https:\/\/soluma.eu\/#\/schema\/logo\/image\/"}}]}},"_links":{"self":[{"href":"https:\/\/soluma.eu\/sl\/wp-json\/wp\/v2\/pages\/3","targetHints":{"allow":["GET"]}}],"collection":[{"href":"https:\/\/soluma.eu\/sl\/wp-json\/wp\/v2\/pages"}],"about":[{"href":"https:\/\/soluma.eu\/sl\/wp-json\/wp\/v2\/types\/page"}],"author":[{"embeddable":true,"href":"https:\/\/soluma.eu\/sl\/wp-json\/wp\/v2\/users\/1"}],"replies":[{"embeddable":true,"href":"https:\/\/soluma.eu\/sl\/wp-json\/wp\/v2\/comments?post=3"}],"version-history":[{"count":16,"href":"https:\/\/soluma.eu\/sl\/wp-json\/wp\/v2\/pages\/3\/revisions"}],"predecessor-version":[{"id":2125,"href":"https:\/\/soluma.eu\/sl\/wp-json\/wp\/v2\/pages\/3\/revisions\/2125"}],"wp:attachment":[{"href":"https:\/\/soluma.eu\/sl\/wp-json\/wp\/v2\/media?parent=3"}],"curies":[{"name":"wp","href":"https:\/\/api.w.org\/{rel}","templated":true}]}}